{"id":178,"date":"2016-01-03T12:39:31","date_gmt":"2016-01-03T10:39:31","guid":{"rendered":"http:\/\/forum.sinopale.org\/?page_id=178"},"modified":"2016-12-16T11:07:34","modified_gmt":"2016-12-16T09:07:34","slug":"hosgeldiniz","status":"publish","type":"page","link":"https:\/\/forum.sinopale.org\/en\/","title":{"rendered":"Welcome"},"content":{"rendered":"<p>Welcome to <strong>Sinopale Forum<\/strong> Webpage!<\/p>\n<p><iframe loading=\"lazy\" title=\"Sinopale Forum\" width=\"620\" height=\"349\" src=\"https:\/\/www.youtube.com\/embed\/zux2S92_G3w?feature=oembed\" frameborder=\"0\" allow=\"accelerometer; autoplay; clipboard-write; encrypted-media; gyroscope; picture-in-picture; web-share\" referrerpolicy=\"strict-origin-when-cross-origin\" allowfullscreen><\/iframe><\/p>\n<p>Sinopale Forum <strong>\u201cCulture and Creativity as Catalyzers for Local Development\u201d<\/strong> offers a communication platform for the public, private and civil society actors as well as academia and international experts to elaborate the results to be achieved from the ongoing actions and discuss on public-private-civil society-academia partnership possibilites to create sustainable structures serving to a civil society driven, culture based sustainable urban development of Sinop.<\/p>\n<p>Sinopale Forum 2016 will take place in Istanbul (<a href=\"https:\/\/www.google.com.tr\/maps\/place\/SALT+Galata\/@41.023923,28.97349,15z\/data=!4m2!3m1!1s0x0:0x616d8eecf6ae3aa6\">Salt Galata<\/a>, 12-14 January 2016) and in Sinop (<a href=\"https:\/\/www.google.com.tr\/maps\/place\/A%C5%9F%C4%B1klar+D%C3%BC%C4%9F%C3%BCn+Saray%C4%B1\/@42.0237889,35.1508488,17z\/data=!3m1!4b1!4m2!3m1!1s0x408f12dd93fa4c1d:0x21d87e92762861d8\">A\u015f\u0131klar D\u00fc\u011f\u00fcn Salonu<\/a>, 15-17 January 2016), in order to engage a wider group of stakeholders.<\/p>\n<p><a href=\"http:\/\/forum.sinopale.org\/wp-content\/uploads\/2016\/01\/side.jpg\" rel=\"attachment wp-att-218\"><img loading=\"lazy\" decoding=\"async\" class=\"alignnone size-full wp-image-218\" src=\"http:\/\/forum.sinopale.org\/wp-content\/uploads\/2016\/01\/side.jpg\" alt=\"side\" width=\"2328\" height=\"500\" srcset=\"https:\/\/forum.sinopale.org\/wp-content\/uploads\/2016\/01\/side.jpg 2328w, https:\/\/forum.sinopale.org\/wp-content\/uploads\/2016\/01\/side-300x64.jpg 300w, https:\/\/forum.sinopale.org\/wp-content\/uploads\/2016\/01\/side-768x165.jpg 768w, https:\/\/forum.sinopale.org\/wp-content\/uploads\/2016\/01\/side-1024x220.jpg 1024w, https:\/\/forum.sinopale.org\/wp-content\/uploads\/2016\/01\/side-620x133.jpg 620w\" sizes=\"(max-width: 2328px) 100vw, 2328px\" \/><\/a><\/p>\n<p>Istanbul Forum program is made of three parts: 1. Day: Policies and Actions, 2. Day: Creative Economy Models and 3. Day Practices and Spatial Actions for Urban Development. Sinop Forum will rather focus on the future actions to be taken by the local civil society after a summary of Istanbul forum\u2019s results.<\/p>\n<p>For detailed information please visit: <a href=\"http:\/\/forum.sinopale.org\/konsept\/\">background, concept<\/a> and <a href=\"http:\/\/forum.sinopale.org\/category\/programistanbul\/\">program istanbul<\/a> and <a href=\"http:\/\/forum.sinopale.org\/category\/programsinop\/\">program sinop<\/a> pages.\u00a0The participation requires\u00a0<a href=\"http:\/\/forum.sinopale.org\/en\/kayit\/\" target=\"_blank\">online registration<\/a>.<\/p>\n<p>There will be Turkish-English simultaneous\u00a0translation of the sessions where not indicated otherwise.<\/p>\n<p><a href=\"http:\/\/forum.sinopale.org\/wp-content\/uploads\/2016\/01\/sinop-side.jpg\" rel=\"attachment wp-att-221\"><img loading=\"lazy\" decoding=\"async\" class=\"alignnone size-full wp-image-221\" src=\"http:\/\/forum.sinopale.org\/wp-content\/uploads\/2016\/01\/sinop-side.jpg\" alt=\"sinop-side\" width=\"1654\" height=\"500\" srcset=\"https:\/\/forum.sinopale.org\/wp-content\/uploads\/2016\/01\/sinop-side.jpg 1654w, https:\/\/forum.sinopale.org\/wp-content\/uploads\/2016\/01\/sinop-side-300x91.jpg 300w, https:\/\/forum.sinopale.org\/wp-content\/uploads\/2016\/01\/sinop-side-768x232.jpg 768w, https:\/\/forum.sinopale.org\/wp-content\/uploads\/2016\/01\/sinop-side-1024x310.jpg 1024w, https:\/\/forum.sinopale.org\/wp-content\/uploads\/2016\/01\/sinop-side-620x187.jpg 620w\" sizes=\"(max-width: 1654px) 100vw, 1654px\" \/><\/a><\/p>\n<p>Although the event naturally focusses on the city of Sinop, it is intended to create outputs relevant at national and European level.<\/p>","protected":false},"excerpt":{"rendered":"<p>Welcome to Sinopale Forum Webpage! Sinopale Forum \u201cCulture and Creativity as Catalyzers for Local Development\u201d offers a communication platform for the public, private and civil society actors as well as academia and international experts to elaborate the results to be achieved from the ongoing actions and discuss on public-private-civil society-academia partnership possibilites to create sustainable [&hellip;]<\/p>\n","protected":false},"author":1,"featured_media":0,"parent":0,"menu_order":0,"comment_status":"closed","ping_status":"closed","template":"","meta":{"footnotes":""},"class_list":["post-178","page","type-page","status-publish","hentry"],"_links":{"self":[{"href":"https:\/\/forum.sinopale.org\/en\/wp-json\/wp\/v2\/pages\/178"}],"collection":[{"href":"https:\/\/forum.sinopale.org\/en\/wp-json\/wp\/v2\/pages"}],"about":[{"href":"https:\/\/forum.sinopale.org\/en\/wp-json\/wp\/v2\/types\/page"}],"author":[{"embeddable":true,"href":"https:\/\/forum.sinopale.org\/en\/wp-json\/wp\/v2\/users\/1"}],"replies":[{"embeddable":true,"href":"https:\/\/forum.sinopale.org\/en\/wp-json\/wp\/v2\/comments?post=178"}],"version-history":[{"count":19,"href":"https:\/\/forum.sinopale.org\/en\/wp-json\/wp\/v2\/pages\/178\/revisions"}],"predecessor-version":[{"id":532,"href":"https:\/\/forum.sinopale.org\/en\/wp-json\/wp\/v2\/pages\/178\/revisions\/532"}],"wp:attachment":[{"href":"https:\/\/forum.sinopale.org\/en\/wp-json\/wp\/v2\/media?parent=178"}],"curies":[{"name":"wp","href":"https:\/\/api.w.org\/{rel}","templated":true}]}}